{"id":7,"date":"2022-01-29T10:59:34","date_gmt":"2022-01-29T10:59:34","guid":{"rendered":"https:\/\/www.akinsofttrabzon.com\/?page_id=7"},"modified":"2022-02-11T08:32:15","modified_gmt":"2022-02-11T08:32:15","slug":"anasayfa","status":"publish","type":"page","link":"https:\/\/akinsofttrabzon.com.tr\/","title":{"rendered":"Anasayfa"},"content":{"rendered":"\t\t<div data-elementor-type=\"wp-page\" data-elementor-id=\"7\" class=\"elementor elementor-7\" data-elementor-settings=\"[]\">\n\t\t\t\t\t\t\t<div class=\"elementor-section-wrap\">\n\t\t\t\t\t\t\t<section class=\"elementor-section elementor-top-section elementor-element elementor-element-27eb4f3 elementor-section-boxed elementor-section-height-default elementor-section-height-default\" data-id=\"27eb4f3\" data-element_type=\"section\">\n\t\t\t\t\t\t<div class=\"elementor-container elementor-column-gap-default\">\n\t\t\t\t\t<div class=\"elementor-column elementor-col-100 elementor-top-column elementor-element elementor-element-ecf488e\" data-id=\"ecf488e\" data-element_type=\"column\">\n\t\t\t<div class=\"elementor-widget-wrap elementor-element-populated\">\n\t\t\t\t\t\t\t\t<div class=\"elementor-element elementor-element-31e7597 elementor-widget elementor-widget-image\" data-id=\"31e7597\" data-element_type=\"widget\" data-widget_type=\"image.default\">\n\t\t\t\t<div class=\"elementor-widget-container\">\n\t\t\t<style>\/*! elementor - v3.5.4 - 23-01-2022 *\/\n.elementor-widget-image{text-align:center}.elementor-widget-image a{display:inline-block}.elementor-widget-image a img[src$=\".svg\"]{width:48px}.elementor-widget-image img{vertical-align:middle;display:inline-block}<\/style>\t\t\t\t\t\t\t\t\t<figure class=\"wp-caption\">\n\t\t\t\t\t\t\t\t\t\t\t<a href=\"https:\/\/akinsoft.com.tr\">\n\t\t\t\t\t\t\t<img loading=\"lazy\" decoding=\"async\" width=\"150\" height=\"150\" src=\"https:\/\/akinsofttrabzon.com.tr\/wp-content\/uploads\/2022\/01\/25_yil_logo-150x150.png\" class=\"attachment-thumbnail size-thumbnail\" alt=\"\" srcset=\"https:\/\/akinsofttrabzon.com.tr\/wp-content\/uploads\/2022\/01\/25_yil_logo-150x150.png 150w, https:\/\/akinsofttrabzon.com.tr\/wp-content\/uploads\/2022\/01\/25_yil_logo-300x300.png 300w, https:\/\/akinsofttrabzon.com.tr\/wp-content\/uploads\/2022\/01\/25_yil_logo-768x771.png 768w, https:\/\/akinsofttrabzon.com.tr\/wp-content\/uploads\/2022\/01\/25_yil_logo.png 890w\" sizes=\"auto, (max-width: 150px) 100vw, 150px\" \/>\t\t\t\t\t\t\t\t<\/a>\n\t\t\t\t\t\t\t\t\t\t\t<figcaption class=\"widget-image-caption wp-caption-text\">Ak\u0131nsoft Trabzon Bayi<\/figcaption>\n\t\t\t\t\t\t\t\t\t\t<\/figure>\n\t\t\t\t\t\t\t\t\t<\/div>\n\t\t\t\t<\/div>\n\t\t\t\t<div class=\"elementor-element elementor-element-c9ef196 elementor-widget elementor-widget-spacer\" data-id=\"c9ef196\" data-element_type=\"widget\" data-widget_type=\"spacer.default\">\n\t\t\t\t<div class=\"elementor-widget-container\">\n\t\t\t\t\t<div class=\"elementor-spacer\">\n\t\t\t<div class=\"elementor-spacer-inner\"><\/div>\n\t\t<\/div>\n\t\t\t\t<\/div>\n\t\t\t\t<\/div>\n\t\t\t\t<div class=\"elementor-element elementor-element-8a65f8c elementor-widget elementor-widget-text-editor\" data-id=\"8a65f8c\" data-element_type=\"widget\" data-widget_type=\"text-editor.default\">\n\t\t\t\t<div class=\"elementor-widget-container\">\n\t\t\t<style>\/*! elementor - v3.5.4 - 23-01-2022 *\/\n.elementor-widget-text-editor.elementor-drop-cap-view-stacked .elementor-drop-cap{background-color:#818a91;color:#fff}.elementor-widget-text-editor.elementor-drop-cap-view-framed .elementor-drop-cap{color:#818a91;border:3px solid;background-color:transparent}.elementor-widget-text-editor:not(.elementor-drop-cap-view-default) .elementor-drop-cap{margin-top:8px}.elementor-widget-text-editor:not(.elementor-drop-cap-view-default) .elementor-drop-cap-letter{width:1em;height:1em}.elementor-widget-text-editor .elementor-drop-cap{float:left;text-align:center;line-height:1;font-size:50px}.elementor-widget-text-editor .elementor-drop-cap-letter{display:inline-block}<\/style>\t\t\t\t<p style=\"text-align: center;\">GAYRET TEKNOLOJ\u0130 VE YAZILIM H\u0130ZMETLER\u0130 &#8211; AKINSOFT TRABZON \u0130L\u0130 BAY\u0130<\/p>\t\t\t\t\t\t<\/div>\n\t\t\t\t<\/div>\n\t\t\t\t<section class=\"elementor-section elementor-inner-section elementor-element elementor-element-3b54379 elementor-section-boxed elementor-section-height-default elementor-section-height-default\" data-id=\"3b54379\" data-element_type=\"section\">\n\t\t\t\t\t\t<div class=\"elementor-container elementor-column-gap-default\">\n\t\t\t\t\t<div class=\"elementor-column elementor-col-50 elementor-inner-column elementor-element elementor-element-0017d52\" data-id=\"0017d52\" data-element_type=\"column\">\n\t\t\t<div class=\"elementor-widget-wrap elementor-element-populated\">\n\t\t\t\t\t\t\t\t<div class=\"elementor-element elementor-element-b88abca elementor-widget elementor-widget-text-editor\" data-id=\"b88abca\" data-element_type=\"widget\" data-widget_type=\"text-editor.default\">\n\t\t\t\t<div class=\"elementor-widget-container\">\n\t\t\t\t\t\t\t<p style=\"text-align: center;\"><strong>Ak\u0131nsoft Genel Merkez<\/strong><\/p><p style=\"text-align: center;\">Yaz\u0131r Mahallesi Ulusal Sokak AKINSOFT Plaza No: 103<br \/>Sel\u00e7uklu \/ Konya \/ T\u00dcRK\u0130YE<\/p><p style=\"text-align: center;\">Telefon : 444 40 80<\/p>\t\t\t\t\t\t<\/div>\n\t\t\t\t<\/div>\n\t\t\t\t\t<\/div>\n\t\t<\/div>\n\t\t\t\t<div class=\"elementor-column elementor-col-50 elementor-inner-column elementor-element elementor-element-2911b52\" data-id=\"2911b52\" data-element_type=\"column\">\n\t\t\t<div class=\"elementor-widget-wrap elementor-element-populated\">\n\t\t\t\t\t\t\t\t<div class=\"elementor-element elementor-element-5f8aed6 elementor-widget elementor-widget-text-editor\" data-id=\"5f8aed6\" data-element_type=\"widget\" data-widget_type=\"text-editor.default\">\n\t\t\t\t<div class=\"elementor-widget-container\">\n\t\t\t\t\t\t\t<p style=\"text-align: center;\"><strong>Trabzon Bayi \u0130rtibat Bilgileri<\/strong><\/p><p style=\"text-align: center;\">\u00c7ar\u015f\u0131 Mah. Tabakhane Sok. No:3 Kat : 2 Ortahisar \/ Trabzon<br \/>(Tabakhane cami kar\u015f\u0131s\u0131)<\/p><p style=\"text-align: center;\">Telefon : 0 462 326 96 60 &#8211; 0 546 674 56 07<\/p>\t\t\t\t\t\t<\/div>\n\t\t\t\t<\/div>\n\t\t\t\t\t<\/div>\n\t\t<\/div>\n\t\t\t\t\t\t\t<\/div>\n\t\t<\/section>\n\t\t\t\t\t<\/div>\n\t\t<\/div>\n\t\t\t\t\t\t\t<\/div>\n\t\t<\/section>\n\t\t\t\t<section class=\"elementor-section elementor-top-section elementor-element elementor-element-55554b5 elementor-section-boxed elementor-section-height-default elementor-section-height-default\" data-id=\"55554b5\" data-element_type=\"section\">\n\t\t\t\t\t\t<div class=\"elementor-container elementor-column-gap-default\">\n\t\t\t\t\t<div class=\"elementor-column elementor-col-100 elementor-top-column elementor-element elementor-element-47d5e90\" data-id=\"47d5e90\" data-element_type=\"column\">\n\t\t\t<div class=\"elementor-widget-wrap elementor-element-populated\">\n\t\t\t\t\t\t\t\t<div class=\"elementor-element elementor-element-f5d635e elementor-widget elementor-widget-html\" data-id=\"f5d635e\" data-element_type=\"widget\" data-widget_type=\"html.default\">\n\t\t\t\t<div class=\"elementor-widget-container\">\n\t\t\t<iframe height=\"420\" src=\"https:\/\/www.akinsoft.com.tr\/slider.php\" title=\"Ak\u0131nsoft Trabzon Bayi\" scrolling=\"no\"><\/iframe>\t\t<\/div>\n\t\t\t\t<\/div>\n\t\t\t\t\t<\/div>\n\t\t<\/div>\n\t\t\t\t\t\t\t<\/div>\n\t\t<\/section>\n\t\t\t\t<section class=\"elementor-section elementor-top-section elementor-element elementor-element-ff8797c elementor-section-boxed elementor-section-height-default elementor-section-height-default\" data-id=\"ff8797c\" data-element_type=\"section\">\n\t\t\t\t\t\t<div class=\"elementor-container elementor-column-gap-default\">\n\t\t\t\t\t<div class=\"elementor-column elementor-col-100 elementor-top-column elementor-element elementor-element-5b98d8f\" data-id=\"5b98d8f\" data-element_type=\"column\">\n\t\t\t<div class=\"elementor-widget-wrap elementor-element-populated\">\n\t\t\t\t\t\t\t\t<div class=\"elementor-element elementor-element-d6df28e elementor-widget elementor-widget-spacer\" data-id=\"d6df28e\" data-element_type=\"widget\" data-widget_type=\"spacer.default\">\n\t\t\t\t<div class=\"elementor-widget-container\">\n\t\t\t\t\t<div class=\"elementor-spacer\">\n\t\t\t<div class=\"elementor-spacer-inner\"><\/div>\n\t\t<\/div>\n\t\t\t\t<\/div>\n\t\t\t\t<\/div>\n\t\t\t\t\t<\/div>\n\t\t<\/div>\n\t\t\t\t\t\t\t<\/div>\n\t\t<\/section>\n\t\t\t\t<section class=\"elementor-section elementor-top-section elementor-element elementor-element-97c2676 elementor-section-boxed elementor-section-height-default elementor-section-height-default\" data-id=\"97c2676\" data-element_type=\"section\">\n\t\t\t\t\t\t<div class=\"elementor-container elementor-column-gap-default\">\n\t\t\t\t\t<div class=\"elementor-column elementor-col-33 elementor-top-column elementor-element elementor-element-18c54c7\" data-id=\"18c54c7\" data-element_type=\"column\">\n\t\t\t<div class=\"elementor-widget-wrap elementor-element-populated\">\n\t\t\t\t\t\t\t\t<div class=\"elementor-element elementor-element-e2afab9 elementor-widget elementor-widget-image\" data-id=\"e2afab9\" data-element_type=\"widget\" data-widget_type=\"image.default\">\n\t\t\t\t<div class=\"elementor-widget-container\">\n\t\t\t\t\t\t\t\t\t\t\t\t\t\t\t\t<a href=\"https:\/\/www.akinsofteticaret.com\/?ref=by61006\">\n\t\t\t\t\t\t\t<img loading=\"lazy\" decoding=\"async\" width=\"640\" height=\"173\" src=\"https:\/\/akinsofttrabzon.com.tr\/wp-content\/uploads\/2022\/02\/Asset-71000.png\" class=\"attachment-large size-large\" alt=\"\" srcset=\"https:\/\/akinsofttrabzon.com.tr\/wp-content\/uploads\/2022\/02\/Asset-71000.png 1000w, https:\/\/akinsofttrabzon.com.tr\/wp-content\/uploads\/2022\/02\/Asset-71000-300x81.png 300w, https:\/\/akinsofttrabzon.com.tr\/wp-content\/uploads\/2022\/02\/Asset-71000-768x208.png 768w\" sizes=\"auto, (max-width: 640px) 100vw, 640px\" \/>\t\t\t\t\t\t\t\t<\/a>\n\t\t\t\t\t\t\t\t\t\t\t\t\t\t\t<\/div>\n\t\t\t\t<\/div>\n\t\t\t\t\t<\/div>\n\t\t<\/div>\n\t\t\t\t<div class=\"elementor-column elementor-col-33 elementor-top-column elementor-element elementor-element-54345fb\" data-id=\"54345fb\" data-element_type=\"column\">\n\t\t\t<div class=\"elementor-widget-wrap elementor-element-populated\">\n\t\t\t\t\t\t\t\t<div class=\"elementor-element elementor-element-dfc1cbb elementor-widget elementor-widget-image\" data-id=\"dfc1cbb\" data-element_type=\"widget\" data-widget_type=\"image.default\">\n\t\t\t\t<div class=\"elementor-widget-container\">\n\t\t\t\t\t\t\t\t\t\t\t\t\t\t\t\t<a href=\"https:\/\/octocloudapp.akinsoft.com.tr\/register?ref=by61006\">\n\t\t\t\t\t\t\t<img loading=\"lazy\" decoding=\"async\" width=\"640\" height=\"173\" src=\"https:\/\/akinsofttrabzon.com.tr\/wp-content\/uploads\/2022\/02\/Asset-51000.png\" class=\"attachment-large size-large\" alt=\"\" srcset=\"https:\/\/akinsofttrabzon.com.tr\/wp-content\/uploads\/2022\/02\/Asset-51000.png 1000w, https:\/\/akinsofttrabzon.com.tr\/wp-content\/uploads\/2022\/02\/Asset-51000-300x81.png 300w, https:\/\/akinsofttrabzon.com.tr\/wp-content\/uploads\/2022\/02\/Asset-51000-768x208.png 768w\" sizes=\"auto, (max-width: 640px) 100vw, 640px\" \/>\t\t\t\t\t\t\t\t<\/a>\n\t\t\t\t\t\t\t\t\t\t\t\t\t\t\t<\/div>\n\t\t\t\t<\/div>\n\t\t\t\t\t<\/div>\n\t\t<\/div>\n\t\t\t\t<div class=\"elementor-column elementor-col-33 elementor-top-column elementor-element elementor-element-d689ad3\" data-id=\"d689ad3\" data-element_type=\"column\">\n\t\t\t<div class=\"elementor-widget-wrap elementor-element-populated\">\n\t\t\t\t\t\t\t\t<div class=\"elementor-element elementor-element-610776a elementor-widget elementor-widget-image\" data-id=\"610776a\" data-element_type=\"widget\" data-widget_type=\"image.default\">\n\t\t\t\t<div class=\"elementor-widget-container\">\n\t\t\t\t\t\t\t\t\t\t\t\t\t\t\t\t<a href=\"https:\/\/qrmenuapp.akinsoft.com.tr\/register?ref=by61006\">\n\t\t\t\t\t\t\t<img loading=\"lazy\" decoding=\"async\" width=\"640\" height=\"173\" src=\"https:\/\/akinsofttrabzon.com.tr\/wp-content\/uploads\/2022\/02\/Asset-31000.png\" class=\"attachment-large size-large\" alt=\"\" srcset=\"https:\/\/akinsofttrabzon.com.tr\/wp-content\/uploads\/2022\/02\/Asset-31000.png 1000w, https:\/\/akinsofttrabzon.com.tr\/wp-content\/uploads\/2022\/02\/Asset-31000-300x81.png 300w, https:\/\/akinsofttrabzon.com.tr\/wp-content\/uploads\/2022\/02\/Asset-31000-768x208.png 768w\" sizes=\"auto, (max-width: 640px) 100vw, 640px\" \/>\t\t\t\t\t\t\t\t<\/a>\n\t\t\t\t\t\t\t\t\t\t\t\t\t\t\t<\/div>\n\t\t\t\t<\/div>\n\t\t\t\t\t<\/div>\n\t\t<\/div>\n\t\t\t\t\t\t\t<\/div>\n\t\t<\/section>\n\t\t\t\t<section class=\"elementor-section elementor-top-section elementor-element elementor-element-3606f10 elementor-section-boxed elementor-section-height-default elementor-section-height-default\" data-id=\"3606f10\" data-element_type=\"section\">\n\t\t\t\t\t\t<div class=\"elementor-container elementor-column-gap-default\">\n\t\t\t\t\t<div class=\"elementor-column elementor-col-33 elementor-top-column elementor-element elementor-element-90e54e0\" data-id=\"90e54e0\" data-element_type=\"column\">\n\t\t\t<div class=\"elementor-widget-wrap elementor-element-populated\">\n\t\t\t\t\t\t\t\t<div class=\"elementor-element elementor-element-9c0b9f5 elementor-widget elementor-widget-image\" data-id=\"9c0b9f5\" data-element_type=\"widget\" data-widget_type=\"image.default\">\n\t\t\t\t<div class=\"elementor-widget-container\">\n\t\t\t\t\t\t\t\t\t\t\t\t\t\t\t\t<a href=\"https:\/\/sitecloud.akinsoft.com.tr\/?dealerCode=by61006\">\n\t\t\t\t\t\t\t<img loading=\"lazy\" decoding=\"async\" width=\"640\" height=\"173\" src=\"https:\/\/akinsofttrabzon.com.tr\/wp-content\/uploads\/2022\/02\/Asset-61000.png\" class=\"attachment-large size-large\" alt=\"\" srcset=\"https:\/\/akinsofttrabzon.com.tr\/wp-content\/uploads\/2022\/02\/Asset-61000.png 1000w, https:\/\/akinsofttrabzon.com.tr\/wp-content\/uploads\/2022\/02\/Asset-61000-300x81.png 300w, https:\/\/akinsofttrabzon.com.tr\/wp-content\/uploads\/2022\/02\/Asset-61000-768x208.png 768w\" sizes=\"auto, (max-width: 640px) 100vw, 640px\" \/>\t\t\t\t\t\t\t\t<\/a>\n\t\t\t\t\t\t\t\t\t\t\t\t\t\t\t<\/div>\n\t\t\t\t<\/div>\n\t\t\t\t\t<\/div>\n\t\t<\/div>\n\t\t\t\t<div class=\"elementor-column elementor-col-33 elementor-top-column elementor-element elementor-element-cd11ced\" data-id=\"cd11ced\" data-element_type=\"column\">\n\t\t\t<div class=\"elementor-widget-wrap elementor-element-populated\">\n\t\t\t\t\t\t\t\t<div class=\"elementor-element elementor-element-3648bb8 elementor-widget elementor-widget-image\" data-id=\"3648bb8\" data-element_type=\"widget\" data-widget_type=\"image.default\">\n\t\t\t\t<div class=\"elementor-widget-container\">\n\t\t\t\t\t\t\t\t\t\t\t\t\t\t\t\t<a href=\"https:\/\/www.limondesk.com\/?ref=by61006\">\n\t\t\t\t\t\t\t<img loading=\"lazy\" decoding=\"async\" width=\"640\" height=\"173\" src=\"https:\/\/akinsofttrabzon.com.tr\/wp-content\/uploads\/2022\/02\/Asset-81000-1024x277.png\" class=\"attachment-large size-large\" alt=\"\" srcset=\"https:\/\/akinsofttrabzon.com.tr\/wp-content\/uploads\/2022\/02\/Asset-81000-1024x277.png 1024w, https:\/\/akinsofttrabzon.com.tr\/wp-content\/uploads\/2022\/02\/Asset-81000-300x81.png 300w, https:\/\/akinsofttrabzon.com.tr\/wp-content\/uploads\/2022\/02\/Asset-81000-768x208.png 768w, https:\/\/akinsofttrabzon.com.tr\/wp-content\/uploads\/2022\/02\/Asset-81000-1536x415.png 1536w, https:\/\/akinsofttrabzon.com.tr\/wp-content\/uploads\/2022\/02\/Asset-81000-2048x554.png 2048w\" sizes=\"auto, (max-width: 640px) 100vw, 640px\" \/>\t\t\t\t\t\t\t\t<\/a>\n\t\t\t\t\t\t\t\t\t\t\t\t\t\t\t<\/div>\n\t\t\t\t<\/div>\n\t\t\t\t\t<\/div>\n\t\t<\/div>\n\t\t\t\t<div class=\"elementor-column elementor-col-33 elementor-top-column elementor-element elementor-element-485c9e2\" data-id=\"485c9e2\" data-element_type=\"column\">\n\t\t\t<div class=\"elementor-widget-wrap elementor-element-populated\">\n\t\t\t\t\t\t\t\t<div class=\"elementor-element elementor-element-55a0951 elementor-widget elementor-widget-image\" data-id=\"55a0951\" data-element_type=\"widget\" data-widget_type=\"image.default\">\n\t\t\t\t<div class=\"elementor-widget-container\">\n\t\t\t\t\t\t\t\t\t\t\t\t\t\t\t\t<a href=\"https:\/\/admin.prokuafor.com\/register?ref=by61006\">\n\t\t\t\t\t\t\t<img loading=\"lazy\" decoding=\"async\" width=\"640\" height=\"173\" src=\"https:\/\/akinsofttrabzon.com.tr\/wp-content\/uploads\/2022\/02\/Asset-41000.png\" class=\"attachment-large size-large\" alt=\"\" srcset=\"https:\/\/akinsofttrabzon.com.tr\/wp-content\/uploads\/2022\/02\/Asset-41000.png 1000w, https:\/\/akinsofttrabzon.com.tr\/wp-content\/uploads\/2022\/02\/Asset-41000-300x81.png 300w, https:\/\/akinsofttrabzon.com.tr\/wp-content\/uploads\/2022\/02\/Asset-41000-768x208.png 768w\" sizes=\"auto, (max-width: 640px) 100vw, 640px\" \/>\t\t\t\t\t\t\t\t<\/a>\n\t\t\t\t\t\t\t\t\t\t\t\t\t\t\t<\/div>\n\t\t\t\t<\/div>\n\t\t\t\t\t<\/div>\n\t\t<\/div>\n\t\t\t\t\t\t\t<\/div>\n\t\t<\/section>\n\t\t\t\t\t\t<\/div>\n\t\t\t\t\t<\/div>\n\t\t","protected":false},"excerpt":{"rendered":"<p>Ak\u0131nsoft Trabzon Bayi GAYRET TEKNOLOJ\u0130 VE YAZILIM H\u0130ZMETLER\u0130 &#8211; AKINSOFT TRABZON \u0130L\u0130 BAY\u0130 Ak\u0131nsoft Genel Merkez Yaz\u0131r Mahallesi Ulusal Sokak AKINSOFT Plaza No: 103Sel\u00e7uklu \/ Konya \/ T\u00dcRK\u0130YE Telefon : 444 40 80 Trabzon Bayi \u0130rtibat Bilgileri \u00c7ar\u015f\u0131 Mah. Tabakhane Sok. No:3 Kat : 2 Ortahisar \/ Trabzon(Tabakhane cami kar\u015f\u0131s\u0131) Telefon : 0 462 326 [&hellip;]<\/p>\n","protected":false},"author":1,"featured_media":0,"parent":0,"menu_order":0,"comment_status":"closed","ping_status":"closed","template":"","meta":{"footnotes":""},"class_list":["post-7","page","type-page","status-publish","hentry"],"acf":[],"_links":{"self":[{"href":"https:\/\/akinsofttrabzon.com.tr\/index.php\/wp-json\/wp\/v2\/pages\/7","targetHints":{"allow":["GET"]}}],"collection":[{"href":"https:\/\/akinsofttrabzon.com.tr\/index.php\/wp-json\/wp\/v2\/pages"}],"about":[{"href":"https:\/\/akinsofttrabzon.com.tr\/index.php\/wp-json\/wp\/v2\/types\/page"}],"author":[{"embeddable":true,"href":"https:\/\/akinsofttrabzon.com.tr\/index.php\/wp-json\/wp\/v2\/users\/1"}],"replies":[{"embeddable":true,"href":"https:\/\/akinsofttrabzon.com.tr\/index.php\/wp-json\/wp\/v2\/comments?post=7"}],"version-history":[{"count":43,"href":"https:\/\/akinsofttrabzon.com.tr\/index.php\/wp-json\/wp\/v2\/pages\/7\/revisions"}],"predecessor-version":[{"id":66,"href":"https:\/\/akinsofttrabzon.com.tr\/index.php\/wp-json\/wp\/v2\/pages\/7\/revisions\/66"}],"wp:attachment":[{"href":"https:\/\/akinsofttrabzon.com.tr\/index.php\/wp-json\/wp\/v2\/media?parent=7"}],"curies":[{"name":"wp","href":"https:\/\/api.w.org\/{rel}","templated":true}]}}